{"id":3354,"date":"2023-02-09T22:01:13","date_gmt":"2023-02-09T21:01:13","guid":{"rendered":"https:\/\/madonna-girls.de\/imprint\/"},"modified":"2024-08-28T19:24:16","modified_gmt":"2024-08-28T17:24:16","slug":"imprint","status":"publish","type":"page","link":"https:\/\/madonna-girls.de\/en\/imprint\/","title":{"rendered":"IMPRINT"},"content":{"rendered":"\t\t<div data-elementor-type=\"wp-post\" data-elementor-id=\"3354\" class=\"elementor elementor-3354 elementor-2100\" data-elementor-post-type=\"page\">\n\t\t\t\t\t\t<section class=\"elementor-section elementor-top-section elementor-element elementor-element-3d22d2e elementor-section-height-min-height elementor-section-boxed elementor-section-height-default elementor-section-items-middle\" data-id=\"3d22d2e\" data-element_type=\"section\" data-settings=\"{&quot;background_background&quot;:&quot;classic&quot;}\">\n\t\t\t\t\t\t\t<div class=\"elementor-background-overlay\"><\/div>\n\t\t\t\t\t\t\t<div class=\"elementor-container elementor-column-gap-default\">\n\t\t\t\t\t<div class=\"aux-parallax-section elementor-column elementor-col-100 elementor-top-column elementor-element elementor-element-61b4ebc\" data-id=\"61b4ebc\" data-element_type=\"column\">\n\t\t\t<div class=\"elementor-widget-wrap elementor-element-populated\">\n\t\t\t\t\t\t<div class=\"elementor-element elementor-element-ab8cc9e aux-appear-watch-animation aux-scale-down elementor-widget elementor-widget-aux_modern_heading\" data-id=\"ab8cc9e\" data-element_type=\"widget\" data-widget_type=\"aux_modern_heading.default\">\n\t\t\t\t<div class=\"elementor-widget-container\">\n\t\t\t\t\t<section class=\"aux-widget-modern-heading\">\n            <div class=\"aux-widget-inner\"><h2 class=\"aux-modern-heading-primary\">Imprint<\/h2><\/div>\n        <\/section>\t\t\t\t<\/div>\n\t\t\t\t<\/div>\n\t\t\t\t\t<\/div>\n\t\t<\/div>\n\t\t\t\t\t<\/div>\n\t\t<\/section>\n\t\t\t\t<section class=\"elementor-section elementor-top-section elementor-element elementor-element-71d9049 elementor-reverse-tablet elementor-reverse-mobile elementor-section-boxed elementor-section-height-default elementor-section-height-default\" data-id=\"71d9049\" data-element_type=\"section\">\n\t\t\t\t\t\t<div class=\"elementor-container elementor-column-gap-no\">\n\t\t\t\t\t<div class=\"aux-parallax-section elementor-column elementor-col-50 elementor-top-column elementor-element elementor-element-fd3bd0f\" data-id=\"fd3bd0f\" data-element_type=\"column\">\n\t\t\t<div class=\"elementor-widget-wrap elementor-element-populated\">\n\t\t\t\t\t\t<div class=\"aux-parallax-piece elementor-element elementor-element-7ac0704 elementor-widget__width-auto elementor-widget elementor-widget-aux_image\" data-parallax-origin=\"middle\" data-parallax-depth=\"0.05\" data-parallax-off=\"1024\" data-id=\"7ac0704\" data-element_type=\"widget\" data-widget_type=\"aux_image.default\">\n\t\t\t\t<div class=\"elementor-widget-container\">\n\t\t\t\t\t<section class=\"widget-container aux-widget-image aux-alignnone aux-parent-aub3cbf6f9\">\n    <div class=\"aux-media-hint-frame \">\n        <div class=\"aux-media-image \" >\n        \n            \n\n            \n            <img fetchpriority=\"high\" decoding=\"async\" width=\"748\" height=\"1715\" src=\"https:\/\/madonna-girls.de\/wp-content\/uploads\/2022\/10\/Madonna-callgirls-Escort-frankfurt-bad-homburg-sexy-video-porn-neue-Models-ueber-uns-bg.png\" class=\"aux-attachment aux-featured-image aux-attachment-id-947\" alt=\"Madonna-callgirls-Escort-frankfurt-bad-homburg-sexy-video-porn-neue-Models-ueber-uns-bg\" data-ratio=\"0.44\" data-original-w=\"748\" \/>            \n                <\/div>\n    <\/div>\n\n<\/section><!-- widget-container -->\t\t\t\t<\/div>\n\t\t\t\t<\/div>\n\t\t\t\t<div class=\"elementor-element elementor-element-8700890 aux-appear-watch-animation aux-fade-in-up elementor-widget elementor-widget-aux_modern_heading\" data-id=\"8700890\" data-element_type=\"widget\" data-widget_type=\"aux_modern_heading.default\">\n\t\t\t\t<div class=\"elementor-widget-container\">\n\t\t\t\t\t<section class=\"aux-widget-modern-heading\">\n            <div class=\"aux-widget-inner\"><h2 class=\"aux-modern-heading-primary\"><\/h2><h3 class=\"aux-modern-heading-secondary\"><span class=\"aux-head-before\">Angaben gem\u00e4\u00df \u00a7 5 TMG:<\/span><\/h3><div class=\"aux-modern-heading-description\"><p>Angaben gem\u00e4\u00df \u00a7 5 TMG:<br \/>Madonna Girls &amp; Escort<\/p>\n<p>M.Ibrahim<\/p>\n<div class=\"aiAXrc\">Ober-Eschbacher Str. 48<br \/>D 61352 Bad Homburg v.d.H.\n<p>Tel: +4961722790884<br \/>Mobil: +491713244276<br \/>E-Mail: info@madonna-girls.de<\/p>\n<\/div><\/div><\/div>\n        <\/section>\t\t\t\t<\/div>\n\t\t\t\t<\/div>\n\t\t\t\t<div class=\"elementor-element elementor-element-adf9dc1 aux-appear-watch-animation aux-fade-in-up elementor-widget elementor-widget-aux_modern_heading\" data-id=\"adf9dc1\" data-element_type=\"widget\" data-widget_type=\"aux_modern_heading.default\">\n\t\t\t\t<div class=\"elementor-widget-container\">\n\t\t\t\t\t<section class=\"aux-widget-modern-heading\">\n            <div class=\"aux-widget-inner\"><h2 class=\"aux-modern-heading-primary\"><\/h2><h3 class=\"aux-modern-heading-secondary\"><span class=\"aux-head-before\">Web design &amp; development<\/span><\/h3><div class=\"aux-modern-heading-description\"><p style=\"text-align: justify\"><a href=\"https:\/\/wesebo.de\/\"><img decoding=\"async\" style=\"margin-top: 0px;vertical-align: middle\" src=\"https:\/\/wesebo.de\/Logo_W.svg\" alt=\"Wesebo advertising agency from Frankfurt for web design &amp; SEO (search engine optimization)\" width=\"100\" \/><\/a><\/p>\n<p style=\"text-align: left\"><!-- \/wp:heading --><\/p>\n<p style=\"text-align: left\"><!-- wp:image {\"linkDestination\":\"custom\"} --><\/p>\n<p style=\"text-align: left\"><!-- \/wp:image --><\/p>\n<p style=\"text-align: left\"><!-- wp:paragraph --><\/p>\n<p style=\"text-align: left\"><strong><a href=\"https:\/\/wesebo.de\/\">Wesebo\u00ae\ufe0f advertising agency<\/a><\/strong><br \/>Your <a href=\"https:\/\/wesebo.de\/\">agency<\/a> for professional <a href=\"https:\/\/wesebo.de\/\">Web design<\/a> and <a href=\"https:\/\/wesebo.de\/\">Search engine optimization<\/a> (<a href=\"https:\/\/wesebo.de\/\">SEO)<\/a> from Frankfurt am Main.<\/p>\n<p style=\"text-align: left\"><!-- \/wp:paragraph --><\/p>\n<p style=\"text-align: left\"><!-- wp:paragraph --><\/p>\n<p style=\"text-align: left\">Email: <a href=\"mailto:info@Wesebo.de\">info@Wesebo.de<\/a><br \/>Web: <a href=\"https:\/\/wesebo.de\/\" target=\"_blank\" rel=\"noreferrer noopener\">www.Wesebo.de<\/a><\/p>\n<p style=\"text-align: left\"><!-- \/wp:paragraph --><\/p>\n<p style=\"text-align: left\"><!-- wp:heading {\"level\":4} --><\/p>\n<p style=\"text-align: left\"><strong>Photo credit:<\/strong><br \/>\u00a9 Madonna Girls &amp; Escort<br \/><strong>AdobeStock:<\/strong><br \/>525333092, 32978462, 146658461.<\/p><\/div><\/div>\n        <\/section>\t\t\t\t<\/div>\n\t\t\t\t<\/div>\n\t\t\t\t\t<\/div>\n\t\t<\/div>\n\t\t\t\t<div class=\"aux-parallax-section elementor-column elementor-col-50 elementor-top-column elementor-element elementor-element-c541b6c\" data-id=\"c541b6c\" data-element_type=\"column\">\n\t\t\t<div class=\"elementor-widget-wrap elementor-element-populated\">\n\t\t\t\t\t\t<div class=\"elementor-element elementor-element-07ddf96 aux-appear-watch-animation aux-fade-in-up elementor-widget elementor-widget-aux_modern_heading\" data-id=\"07ddf96\" data-element_type=\"widget\" data-widget_type=\"aux_modern_heading.default\">\n\t\t\t\t<div class=\"elementor-widget-container\">\n\t\t\t\t\t<section class=\"aux-widget-modern-heading\">\n            <div class=\"aux-widget-inner\"><h2 class=\"aux-modern-heading-primary\"><\/h2><h3 class=\"aux-modern-heading-secondary\"><span class=\"aux-head-before\">Haftung f\u00fcr Inhalte<\/span><\/h3><div class=\"aux-modern-heading-description\"><p style=\"text-align: justify\">Die Inhalte unserer Seiten wurden mit gr\u00f6\u00dfter Sorgfalt erstellt. F\u00fcr die Richtigkeit, Vollst\u00e4ndigkeit und Aktualit\u00e4t der Inhalte k\u00f6nnen wir jedoch keine Gew\u00e4hr \u00fcbernehmen. Als Diensteanbieter sind wir gem\u00e4\u00df \u00a7 7 Abs.1 TMG f\u00fcr eigene Inhalte auf diesen Seiten nach den allgemeinen Gesetzen verantwortlich. Nach \u00a7\u00a7 8 bis 10 TMG sind wir als Diensteanbieter jedoch nicht verpflichtet, \u00fcbermittelte oder gespeicherte fremde Informationen zu \u00fcberwachen oder nach Umst\u00e4nden zu forschen, die auf eine rechtswidrige T\u00e4tigkeit hinweisen. Verpflichtungen zur Entfernung oder Sperrung der Nutzung von Informationen nach den allgemeinen Gesetzen bleiben hiervon unber\u00fchrt. Eine diesbez\u00fcgliche Haftung ist jedoch erst ab dem Zeitpunkt der Kenntnis einer konkreten Rechtsverletzung m\u00f6glich. Bei Bekanntwerden von entsprechenden Rechtsverletzungen werden wir diese Inhalte umgehend entfernen.<\/p>\n<\/div><\/div>\n        <\/section>\t\t\t\t<\/div>\n\t\t\t\t<\/div>\n\t\t\t\t<div class=\"elementor-element elementor-element-b62dcad aux-appear-watch-animation aux-fade-in-up elementor-widget elementor-widget-aux_modern_heading\" data-id=\"b62dcad\" data-element_type=\"widget\" data-widget_type=\"aux_modern_heading.default\">\n\t\t\t\t<div class=\"elementor-widget-container\">\n\t\t\t\t\t<section class=\"aux-widget-modern-heading\">\n            <div class=\"aux-widget-inner\"><h2 class=\"aux-modern-heading-primary\"><\/h2><h3 class=\"aux-modern-heading-secondary\"><span class=\"aux-head-before\">Haftung f\u00fcr Links<\/span><\/h3><div class=\"aux-modern-heading-description\"><p style=\"text-align: justify\">Unser Angebot enth\u00e4lt Links zu externen Webseiten Dritter, auf deren Inhalte wir keinen Einfluss haben.Deshalb k\u00f6nnen wir f\u00fcr diese fremden Inhalte auch keine Gew\u00e4hr \u00fcbernehmen. F\u00fcr die Inhalte der verlinkten Seiten ist stets der jeweilige Anbieter oder Betreiber der Seiten verantwortlich. Die verlinkten Seiten wurden zum Zeitpunkt der Verlinkung auf m\u00f6gliche Rechtsverst\u00f6\u00dfe \u00fcberpr\u00fcft. Rechtswidrige Inhalte waren zum Zeitpunkt der Verlinkung nicht erkennbar. Eine permanente inhaltliche Kontrolle der verlinkten Seiten ist jedoch ohne konkrete Anhaltspunkte einer Rechtsverletzung nicht zumutbar. Bei Bekanntwerden von Rechtsverletzungen werden wir derartige Links umgehend entfernen.<\/p>\n<\/div><\/div>\n        <\/section>\t\t\t\t<\/div>\n\t\t\t\t<\/div>\n\t\t\t\t<div class=\"elementor-element elementor-element-a7ccc8d aux-appear-watch-animation aux-fade-in-up elementor-widget elementor-widget-aux_modern_heading\" data-id=\"a7ccc8d\" data-element_type=\"widget\" data-widget_type=\"aux_modern_heading.default\">\n\t\t\t\t<div class=\"elementor-widget-container\">\n\t\t\t\t\t<section class=\"aux-widget-modern-heading\">\n            <div class=\"aux-widget-inner\"><h2 class=\"aux-modern-heading-primary\"><\/h2><h3 class=\"aux-modern-heading-secondary\"><span class=\"aux-head-before\">Urheberrecht<\/span><\/h3><div class=\"aux-modern-heading-description\"><p style=\"text-align: justify\">Die durch die Seitenbetreiber erstellten Inhalte und Werke auf diesen Seiten unterliegen dem deutschen Urheberrecht. Die Vervielf\u00e4ltigung, Bearbeitung, Verbreitung und jede Art der Verwertung au\u00dferhalb der Grenzen des Urheberrechtes bed\u00fcrfen der schriftlichen Zustimmung des jeweiligen Autors bzw. Erstellers. Downloads und Kopien dieser Seite sind nur f\u00fcr den privaten, nicht kommerziellen Gebrauch gestattet. Soweit die Inhalte auf dieser Seite nicht vom Betreiber erstellt wurden, werden die Urheberrechte Dritter beachtet. Insbesondere werden Inhalte Dritter als solche gekennzeichnet. Sollten Sie trotzdem auf eine Urheberrechtsverletzung aufmerksam werden, bitten wir um einen entsprechenden Hinweis. Bei Bekanntwerden von Rechtsverletzungen werden wir derartige Inhalte umgehend entfernen.<\/p>\n<\/div><\/div>\n        <\/section>\t\t\t\t<\/div>\n\t\t\t\t<\/div>\n\t\t\t\t<div class=\"elementor-element elementor-element-b42816d aux-appear-watch-animation aux-fade-in-up elementor-widget elementor-widget-aux_modern_heading\" data-id=\"b42816d\" data-element_type=\"widget\" data-widget_type=\"aux_modern_heading.default\">\n\t\t\t\t<div class=\"elementor-widget-container\">\n\t\t\t\t\t<section class=\"aux-widget-modern-heading\">\n            <div class=\"aux-widget-inner\"><h2 class=\"aux-modern-heading-primary\"><\/h2><h3 class=\"aux-modern-heading-secondary\"><span class=\"aux-head-before\">Abmahnungsbestimmungen<\/span><\/h3><div class=\"aux-modern-heading-description\"><p style=\"text-align: justify\">Sollte der Inhalt oder die Aufmachung dieser Seiten fremde Rechte oder gesetzliche Bestimmungen verletzen, so bitten wir um eine entsprechende Nachricht ohne Kostennote. Wir garantieren, dass die zu Recht beanstandeten Passagen unverz\u00fcglich entfernt und nicht wieder aufgenommen werden, ohne dass von Ihrer Seite die Einschaltung eines Rechtsbeistandes erforderlich ist.<\/p>\n<p style=\"text-align: justify\">Dennoch von Ihnen ohne vorherige Kontaktaufnahme ausgel\u00f6ste Kosten werden wir g\u00e4nzlich zur\u00fcckweisen und gegebenenfalls Gegenklage wegen Verletzung vorgenannter Bestimmungen einreichen.<\/p>\n<p style=\"text-align: justify\">Eine im Sinne dieser Bestimmung korrekte Kontaktaufnahme besteht f\u00fcr Sie kostenfrei in dem Zusenden einer Email an info@madonna-girls.de, durch einen Anruf unter der Rufnummer +49 (0) 6172 279 08 84 oder durch schriftliche Kontakaufnahme unter der im Impressum angegebenen Anschrift.<\/p>\n<\/div><\/div>\n        <\/section>\t\t\t\t<\/div>\n\t\t\t\t<\/div>\n\t\t\t\t<div class=\"elementor-element elementor-element-9a39fba aux-appear-watch-animation aux-fade-in-up elementor-widget elementor-widget-aux_modern_heading\" data-id=\"9a39fba\" data-element_type=\"widget\" data-widget_type=\"aux_modern_heading.default\">\n\t\t\t\t<div class=\"elementor-widget-container\">\n\t\t\t\t\t<section class=\"aux-widget-modern-heading\">\n            <div class=\"aux-widget-inner\"><h2 class=\"aux-modern-heading-primary\"><\/h2><h3 class=\"aux-modern-heading-secondary\"><span class=\"aux-head-before\">Jugendschutz<\/span><\/h3><div class=\"aux-modern-heading-description\"><p style=\"text-align: justify\"><span style=\"color: #808080\"><a style=\"color: #808080\" href=\"http:\/\/www.doerre.com\/jugendschutzbeauftragter.htm\" target=\"_blank\" rel=\"nofollow noopener\" data-link=\"http:\/\/www.doerre.com\/jugendschutzbeauftragter.htm\">JUGENDSCHUTZBEAUFTRAGTER<\/a><\/span> gem\u00e4\u00df \u00a7 7 JMStV:<br \/>Rechtsanwalt Marko D\u00f6rre<br \/>Marienstra\u00dfe 8, D-10117 Berlin<br \/>Tel: 030-400544-99 Fax: 030-400544-98<br \/><span style=\"color: #808080\"><a style=\"color: #808080\" href=\"http:\/\/www.doerre.com\/\" target=\"_blank\" rel=\"nofollow noopener\" data-link=\"http:\/\/www.doerre.com\/\">WWW.DOERRE.COM<\/a><\/span><\/p>\n<\/div><\/div>\n        <\/section>\t\t\t\t<\/div>\n\t\t\t\t<\/div>\n\t\t\t\t\t<\/div>\n\t\t<\/div>\n\t\t\t\t\t<\/div>\n\t\t<\/section>\n\t\t\t\t<\/div>\n\t\t","protected":false},"excerpt":{"rendered":"<p>Imprint Angaben gem\u00e4\u00df \u00a7 5 TMG: Angaben gem\u00e4\u00df \u00a7 5 TMG:Madonna Girls &amp; Escort M.Ibrahim Ober-Eschbacher Str. 48D 61352 Bad Homburg v.d.H. Tel: +4961722790884Mobil: +491713244276E-Mail: info@madonna-girls.de Web design &amp; development Wesebo\u00ae\ufe0f advertising agencyYour agency for professional Web design and Search engine optimization (SEO) from Frankfurt am Main. Email: info@Wesebo.deWeb: www.Wesebo.de Photo credit:\u00a9 Madonna Girls &amp; [&hellip;]<\/p>\n","protected":false},"author":1,"featured_media":0,"parent":0,"menu_order":0,"comment_status":"closed","ping_status":"closed","template":"templates\/page-builder-content.php","meta":{"footnotes":""},"class_list":["post-3354","page","type-page","status-publish","hentry"],"_links":{"self":[{"href":"https:\/\/madonna-girls.de\/en\/wp-json\/wp\/v2\/pages\/3354","targetHints":{"allow":["GET"]}}],"collection":[{"href":"https:\/\/madonna-girls.de\/en\/wp-json\/wp\/v2\/pages"}],"about":[{"href":"https:\/\/madonna-girls.de\/en\/wp-json\/wp\/v2\/types\/page"}],"author":[{"embeddable":true,"href":"https:\/\/madonna-girls.de\/en\/wp-json\/wp\/v2\/users\/1"}],"replies":[{"embeddable":true,"href":"https:\/\/madonna-girls.de\/en\/wp-json\/wp\/v2\/comments?post=3354"}],"version-history":[{"count":36,"href":"https:\/\/madonna-girls.de\/en\/wp-json\/wp\/v2\/pages\/3354\/revisions"}],"predecessor-version":[{"id":7043,"href":"https:\/\/madonna-girls.de\/en\/wp-json\/wp\/v2\/pages\/3354\/revisions\/7043"}],"wp:attachment":[{"href":"https:\/\/madonna-girls.de\/en\/wp-json\/wp\/v2\/media?parent=3354"}],"curies":[{"name":"wp","href":"https:\/\/api.w.org\/{rel}","templated":true}]}}